{"id":5532,"date":"2022-06-03T11:19:22","date_gmt":"2022-06-03T09:19:22","guid":{"rendered":"https:\/\/www.tharita.fr\/product\/vert-carioca-rose\/"},"modified":"2026-05-15T16:43:31","modified_gmt":"2026-05-15T14:43:31","slug":"carioca-vert-rose","status":"publish","type":"product","link":"https:\/\/www.tharita.fr\/fr\/produit\/carioca-vert-rose\/","title":{"rendered":"Une pi\u00e8ce sophistiqu\u00e9e &#8211; Carioca"},"content":{"rendered":"","protected":false},"excerpt":{"rendered":"<p>Maillot de bain une pi\u00e8ce. Forme bandeau avec bonnets rembourr\u00e9s pour un bon maintien de la poitrine. Sangle r\u00e9glable avec un n\u0153ud<\/p>\n<p>\u00c9DITION LIMIT\u00c9E EN PR\u00c9COMMANDE.<\/p>\n<p><strong>LIVRAISON SOUS 2 SEMAINES MINIMUM<\/strong><\/p>\n","protected":false},"featured_media":4660,"template":"","meta":[],"product_brand":[],"product_cat":[257],"product_tag":[234],"class_list":{"0":"post-5532","1":"product","2":"type-product","3":"status-publish","4":"has-post-thumbnail","6":"product_cat-collection-capsule-fr","7":"product_tag-one-piece-fr","9":"first","10":"instock","11":"shipping-taxable","12":"purchasable","13":"product-type-variable","14":"has-default-attributes"},"_links":{"self":[{"href":"https:\/\/www.tharita.fr\/fr\/wp-json\/wp\/v2\/product\/5532","targetHints":{"allow":["GET"]}}],"collection":[{"href":"https:\/\/www.tharita.fr\/fr\/wp-json\/wp\/v2\/product"}],"about":[{"href":"https:\/\/www.tharita.fr\/fr\/wp-json\/wp\/v2\/types\/product"}],"version-history":[{"count":2,"href":"https:\/\/www.tharita.fr\/fr\/wp-json\/wp\/v2\/product\/5532\/revisions"}],"predecessor-version":[{"id":6232,"href":"https:\/\/www.tharita.fr\/fr\/wp-json\/wp\/v2\/product\/5532\/revisions\/6232"}],"wp:featuredmedia":[{"embeddable":true,"href":"https:\/\/www.tharita.fr\/fr\/wp-json\/wp\/v2\/media\/4660"}],"wp:attachment":[{"href":"https:\/\/www.tharita.fr\/fr\/wp-json\/wp\/v2\/media?parent=5532"}],"wp:term":[{"taxonomy":"product_brand","embeddable":true,"href":"https:\/\/www.tharita.fr\/fr\/wp-json\/wp\/v2\/product_brand?post=5532"},{"taxonomy":"product_cat","embeddable":true,"href":"https:\/\/www.tharita.fr\/fr\/wp-json\/wp\/v2\/product_cat?post=5532"},{"taxonomy":"product_tag","embeddable":true,"href":"https:\/\/www.tharita.fr\/fr\/wp-json\/wp\/v2\/product_tag?post=5532"}],"curies":[{"name":"wp","href":"https:\/\/api.w.org\/{rel}","templated":true}]}}