{"id":5564,"date":"2022-06-02T17:28:27","date_gmt":"2022-06-02T15:28:27","guid":{"rendered":"https:\/\/www.tharita.fr\/product\/amor-gold\/"},"modified":"2024-06-13T11:43:10","modified_gmt":"2024-06-13T09:43:10","slug":"amor-gold","status":"publish","type":"product","link":"https:\/\/www.tharita.fr\/fr\/produit\/amor-gold\/","title":{"rendered":"Une pi\u00e8ce sophistiqu\u00e9e &#8211; Amor"},"content":{"rendered":"","protected":false},"excerpt":{"rendered":"<p>Ce maillot de bain sophistiqu\u00e9 est inspir\u00e9 des ann\u00e9es 70. Il est dot\u00e9 de bretelles d\u00e9tachables qui peuvent \u00eatre enroul\u00e9es autour du cou ou port\u00e9es sans bretelles avec un n\u0153ud sur le buste qui rehausse le look et vous rendra \u00e9blouissante cet \u00e9t\u00e9.<\/p>\n","protected":false},"featured_media":4632,"template":"","meta":[],"product_brand":[],"product_cat":[257],"product_tag":[234],"class_list":{"0":"post-5564","1":"product","2":"type-product","3":"status-publish","4":"has-post-thumbnail","6":"product_cat-collection-capsule-fr","7":"product_tag-one-piece-fr","9":"first","10":"instock","11":"shipping-taxable","12":"purchasable","13":"product-type-variable","14":"has-default-attributes"},"_links":{"self":[{"href":"https:\/\/www.tharita.fr\/fr\/wp-json\/wp\/v2\/product\/5564","targetHints":{"allow":["GET"]}}],"collection":[{"href":"https:\/\/www.tharita.fr\/fr\/wp-json\/wp\/v2\/product"}],"about":[{"href":"https:\/\/www.tharita.fr\/fr\/wp-json\/wp\/v2\/types\/product"}],"version-history":[{"count":2,"href":"https:\/\/www.tharita.fr\/fr\/wp-json\/wp\/v2\/product\/5564\/revisions"}],"predecessor-version":[{"id":6257,"href":"https:\/\/www.tharita.fr\/fr\/wp-json\/wp\/v2\/product\/5564\/revisions\/6257"}],"wp:featuredmedia":[{"embeddable":true,"href":"https:\/\/www.tharita.fr\/fr\/wp-json\/wp\/v2\/media\/4632"}],"wp:attachment":[{"href":"https:\/\/www.tharita.fr\/fr\/wp-json\/wp\/v2\/media?parent=5564"}],"wp:term":[{"taxonomy":"product_brand","embeddable":true,"href":"https:\/\/www.tharita.fr\/fr\/wp-json\/wp\/v2\/product_brand?post=5564"},{"taxonomy":"product_cat","embeddable":true,"href":"https:\/\/www.tharita.fr\/fr\/wp-json\/wp\/v2\/product_cat?post=5564"},{"taxonomy":"product_tag","embeddable":true,"href":"https:\/\/www.tharita.fr\/fr\/wp-json\/wp\/v2\/product_tag?post=5564"}],"curies":[{"name":"wp","href":"https:\/\/api.w.org\/{rel}","templated":true}]}}