{"id":5637,"date":"2022-06-09T10:27:24","date_gmt":"2022-06-09T08:27:24","guid":{"rendered":"https:\/\/www.tharita.fr\/product\/vento-rose-vert\/"},"modified":"2026-04-23T17:42:29","modified_gmt":"2026-04-23T15:42:29","slug":"vento-pink-vert","status":"publish","type":"product","link":"https:\/\/www.tharita.fr\/fr\/produit\/vento-pink-vert\/","title":{"rendered":"Dos rac\u00e9 une pi\u00e8ce &#8211; Vento"},"content":{"rendered":"","protected":false},"excerpt":{"rendered":"<p>Maillot de bain une pi\u00e8ce avec un d\u00e9collet\u00e9 en U et un dos rac\u00e9<\/p>\n<p>\u00c9DITION LIMIT\u00c9E EN PR\u00c9COMMANDE.<\/p>\n<p><strong>LIVRAISON SOUS 2 SEMAINES MINIMUM<\/strong><\/p>\n","protected":false},"featured_media":4706,"template":"","meta":[],"product_brand":[],"product_cat":[257],"product_tag":[],"class_list":{"0":"post-5637","1":"product","2":"type-product","3":"status-publish","4":"has-post-thumbnail","6":"product_cat-collection-capsule-fr","8":"first","9":"instock","10":"shipping-taxable","11":"purchasable","12":"product-type-variable","13":"has-default-attributes"},"_links":{"self":[{"href":"https:\/\/www.tharita.fr\/fr\/wp-json\/wp\/v2\/product\/5637","targetHints":{"allow":["GET"]}}],"collection":[{"href":"https:\/\/www.tharita.fr\/fr\/wp-json\/wp\/v2\/product"}],"about":[{"href":"https:\/\/www.tharita.fr\/fr\/wp-json\/wp\/v2\/types\/product"}],"version-history":[{"count":3,"href":"https:\/\/www.tharita.fr\/fr\/wp-json\/wp\/v2\/product\/5637\/revisions"}],"predecessor-version":[{"id":6195,"href":"https:\/\/www.tharita.fr\/fr\/wp-json\/wp\/v2\/product\/5637\/revisions\/6195"}],"wp:featuredmedia":[{"embeddable":true,"href":"https:\/\/www.tharita.fr\/fr\/wp-json\/wp\/v2\/media\/4706"}],"wp:attachment":[{"href":"https:\/\/www.tharita.fr\/fr\/wp-json\/wp\/v2\/media?parent=5637"}],"wp:term":[{"taxonomy":"product_brand","embeddable":true,"href":"https:\/\/www.tharita.fr\/fr\/wp-json\/wp\/v2\/product_brand?post=5637"},{"taxonomy":"product_cat","embeddable":true,"href":"https:\/\/www.tharita.fr\/fr\/wp-json\/wp\/v2\/product_cat?post=5637"},{"taxonomy":"product_tag","embeddable":true,"href":"https:\/\/www.tharita.fr\/fr\/wp-json\/wp\/v2\/product_tag?post=5637"}],"curies":[{"name":"wp","href":"https:\/\/api.w.org\/{rel}","templated":true}]}}