{"id":5666,"date":"2022-07-01T14:52:48","date_gmt":"2022-07-01T12:52:48","guid":{"rendered":"https:\/\/www.tharita.fr\/product\/mundo-bleu-marine\/"},"modified":"2022-09-15T10:32:52","modified_gmt":"2022-09-15T08:32:52","slug":"mundo-navy-blue","status":"publish","type":"product","link":"https:\/\/www.tharita.fr\/fr\/produit\/mundo-navy-blue\/","title":{"rendered":"Robe longue &#8211; Mundo"},"content":{"rendered":"","protected":false},"excerpt":{"rendered":"<p>Robe longue, attach\u00e9e par de fines bretelles sur le devant. Tissu l\u00e9ger et facile \u00e0 porter. Parfait pour quitter la plage<\/p>\n","protected":false},"featured_media":4790,"template":"","meta":[],"product_brand":[],"product_cat":[164],"product_tag":[149],"class_list":{"0":"post-5666","1":"product","2":"type-product","3":"status-publish","4":"has-post-thumbnail","6":"product_cat-tropicalia-fr","7":"product_tag-vetements-de-plage","9":"first","10":"instock","11":"shipping-taxable","12":"purchasable","13":"product-type-variable"},"_links":{"self":[{"href":"https:\/\/www.tharita.fr\/fr\/wp-json\/wp\/v2\/product\/5666","targetHints":{"allow":["GET"]}}],"collection":[{"href":"https:\/\/www.tharita.fr\/fr\/wp-json\/wp\/v2\/product"}],"about":[{"href":"https:\/\/www.tharita.fr\/fr\/wp-json\/wp\/v2\/types\/product"}],"version-history":[{"count":3,"href":"https:\/\/www.tharita.fr\/fr\/wp-json\/wp\/v2\/product\/5666\/revisions"}],"predecessor-version":[{"id":6098,"href":"https:\/\/www.tharita.fr\/fr\/wp-json\/wp\/v2\/product\/5666\/revisions\/6098"}],"wp:featuredmedia":[{"embeddable":true,"href":"https:\/\/www.tharita.fr\/fr\/wp-json\/wp\/v2\/media\/4790"}],"wp:attachment":[{"href":"https:\/\/www.tharita.fr\/fr\/wp-json\/wp\/v2\/media?parent=5666"}],"wp:term":[{"taxonomy":"product_brand","embeddable":true,"href":"https:\/\/www.tharita.fr\/fr\/wp-json\/wp\/v2\/product_brand?post=5666"},{"taxonomy":"product_cat","embeddable":true,"href":"https:\/\/www.tharita.fr\/fr\/wp-json\/wp\/v2\/product_cat?post=5666"},{"taxonomy":"product_tag","embeddable":true,"href":"https:\/\/www.tharita.fr\/fr\/wp-json\/wp\/v2\/product_tag?post=5666"}],"curies":[{"name":"wp","href":"https:\/\/api.w.org\/{rel}","templated":true}]}}