{"id":5672,"date":"2022-05-30T17:52:30","date_gmt":"2022-05-30T15:52:30","guid":{"rendered":"https:\/\/www.tharita.fr\/product\/lor-de-bonita\/"},"modified":"2024-06-13T11:44:09","modified_gmt":"2024-06-13T09:44:09","slug":"bonita-gold","status":"publish","type":"product","link":"https:\/\/www.tharita.fr\/fr\/produit\/bonita-gold\/","title":{"rendered":"Une pi\u00e8ce sophistiqu\u00e9e &#8211; Bonita"},"content":{"rendered":"","protected":false},"excerpt":{"rendered":"<p>Une pi\u00e8ce \u00e9l\u00e9gante et intemporelle. Boucle carr\u00e9e et fine lani\u00e8re attach\u00e9e dans le cou. Mousse et baleine \u00e0 l&rsquo;int\u00e9rieur. Triangle de peau sous la poitrine qui donne le chic \u00e0 ce maillot de bain.<\/p>\n","protected":false},"featured_media":4606,"template":"","meta":[],"product_brand":[],"product_cat":[257],"product_tag":[234],"class_list":{"0":"post-5672","1":"product","2":"type-product","3":"status-publish","4":"has-post-thumbnail","6":"product_cat-collection-capsule-fr","7":"product_tag-one-piece-fr","9":"first","10":"instock","11":"shipping-taxable","12":"purchasable","13":"product-type-variable","14":"has-default-attributes"},"_links":{"self":[{"href":"https:\/\/www.tharita.fr\/fr\/wp-json\/wp\/v2\/product\/5672","targetHints":{"allow":["GET"]}}],"collection":[{"href":"https:\/\/www.tharita.fr\/fr\/wp-json\/wp\/v2\/product"}],"about":[{"href":"https:\/\/www.tharita.fr\/fr\/wp-json\/wp\/v2\/types\/product"}],"version-history":[{"count":2,"href":"https:\/\/www.tharita.fr\/fr\/wp-json\/wp\/v2\/product\/5672\/revisions"}],"predecessor-version":[{"id":6287,"href":"https:\/\/www.tharita.fr\/fr\/wp-json\/wp\/v2\/product\/5672\/revisions\/6287"}],"wp:featuredmedia":[{"embeddable":true,"href":"https:\/\/www.tharita.fr\/fr\/wp-json\/wp\/v2\/media\/4606"}],"wp:attachment":[{"href":"https:\/\/www.tharita.fr\/fr\/wp-json\/wp\/v2\/media?parent=5672"}],"wp:term":[{"taxonomy":"product_brand","embeddable":true,"href":"https:\/\/www.tharita.fr\/fr\/wp-json\/wp\/v2\/product_brand?post=5672"},{"taxonomy":"product_cat","embeddable":true,"href":"https:\/\/www.tharita.fr\/fr\/wp-json\/wp\/v2\/product_cat?post=5672"},{"taxonomy":"product_tag","embeddable":true,"href":"https:\/\/www.tharita.fr\/fr\/wp-json\/wp\/v2\/product_tag?post=5672"}],"curies":[{"name":"wp","href":"https:\/\/api.w.org\/{rel}","templated":true}]}}