{"id":5710,"date":"2022-07-01T15:04:24","date_gmt":"2022-07-01T13:04:24","guid":{"rendered":"https:\/\/www.tharita.fr\/product\/agua\/"},"modified":"2022-09-15T11:19:08","modified_gmt":"2022-09-15T09:19:08","slug":"agua","status":"publish","type":"product","link":"https:\/\/www.tharita.fr\/fr\/produit\/agua\/","title":{"rendered":"Robe courte &#8211; Agua"},"content":{"rendered":"","protected":false},"excerpt":{"rendered":"<p>Robe courte, id\u00e9ale pour la plage. Mati\u00e8re tr\u00e8s agr\u00e9able, d\u00e9collet\u00e9 en V avec de fines bretelles qui galbent joliment le dos.<\/p>\n","protected":false},"featured_media":4788,"template":"","meta":[],"product_brand":[],"product_cat":[164],"product_tag":[],"class_list":{"0":"post-5710","1":"product","2":"type-product","3":"status-publish","4":"has-post-thumbnail","6":"product_cat-tropicalia-fr","8":"first","9":"instock","10":"shipping-taxable","11":"purchasable","12":"product-type-variable"},"_links":{"self":[{"href":"https:\/\/www.tharita.fr\/fr\/wp-json\/wp\/v2\/product\/5710","targetHints":{"allow":["GET"]}}],"collection":[{"href":"https:\/\/www.tharita.fr\/fr\/wp-json\/wp\/v2\/product"}],"about":[{"href":"https:\/\/www.tharita.fr\/fr\/wp-json\/wp\/v2\/types\/product"}],"version-history":[{"count":5,"href":"https:\/\/www.tharita.fr\/fr\/wp-json\/wp\/v2\/product\/5710\/revisions"}],"predecessor-version":[{"id":6096,"href":"https:\/\/www.tharita.fr\/fr\/wp-json\/wp\/v2\/product\/5710\/revisions\/6096"}],"wp:featuredmedia":[{"embeddable":true,"href":"https:\/\/www.tharita.fr\/fr\/wp-json\/wp\/v2\/media\/4788"}],"wp:attachment":[{"href":"https:\/\/www.tharita.fr\/fr\/wp-json\/wp\/v2\/media?parent=5710"}],"wp:term":[{"taxonomy":"product_brand","embeddable":true,"href":"https:\/\/www.tharita.fr\/fr\/wp-json\/wp\/v2\/product_brand?post=5710"},{"taxonomy":"product_cat","embeddable":true,"href":"https:\/\/www.tharita.fr\/fr\/wp-json\/wp\/v2\/product_cat?post=5710"},{"taxonomy":"product_tag","embeddable":true,"href":"https:\/\/www.tharita.fr\/fr\/wp-json\/wp\/v2\/product_tag?post=5710"}],"curies":[{"name":"wp","href":"https:\/\/api.w.org\/{rel}","templated":true}]}}