{"id":5744,"date":"2022-06-02T14:16:51","date_gmt":"2022-06-02T12:16:51","guid":{"rendered":"https:\/\/www.tharita.fr\/product\/ritmo-vert-rose\/"},"modified":"2026-05-15T16:43:32","modified_gmt":"2026-05-15T14:43:32","slug":"ritmo-vert-rose","status":"publish","type":"product","link":"https:\/\/www.tharita.fr\/fr\/produit\/ritmo-vert-rose\/","title":{"rendered":"Une pi\u00e8ce sophistiqu\u00e9e &#8211; Ritmo"},"content":{"rendered":"","protected":false},"excerpt":{"rendered":"<p>Sublime une pi\u00e8ce avec un d\u00e9collet\u00e9 en V devant et dans le dos avec une bande sous la poitrine qui donne une forme parfaite et \u00e9l\u00e9gante au corps.<\/p>\n","protected":false},"featured_media":4620,"template":"","meta":[],"product_brand":[],"product_cat":[257],"product_tag":[234],"class_list":{"0":"post-5744","1":"product","2":"type-product","3":"status-publish","4":"has-post-thumbnail","6":"product_cat-collection-capsule-fr","7":"product_tag-one-piece-fr","9":"first","10":"instock","11":"shipping-taxable","12":"purchasable","13":"product-type-variable","14":"has-default-attributes"},"_links":{"self":[{"href":"https:\/\/www.tharita.fr\/fr\/wp-json\/wp\/v2\/product\/5744","targetHints":{"allow":["GET"]}}],"collection":[{"href":"https:\/\/www.tharita.fr\/fr\/wp-json\/wp\/v2\/product"}],"about":[{"href":"https:\/\/www.tharita.fr\/fr\/wp-json\/wp\/v2\/types\/product"}],"version-history":[{"count":2,"href":"https:\/\/www.tharita.fr\/fr\/wp-json\/wp\/v2\/product\/5744\/revisions"}],"predecessor-version":[{"id":6264,"href":"https:\/\/www.tharita.fr\/fr\/wp-json\/wp\/v2\/product\/5744\/revisions\/6264"}],"wp:featuredmedia":[{"embeddable":true,"href":"https:\/\/www.tharita.fr\/fr\/wp-json\/wp\/v2\/media\/4620"}],"wp:attachment":[{"href":"https:\/\/www.tharita.fr\/fr\/wp-json\/wp\/v2\/media?parent=5744"}],"wp:term":[{"taxonomy":"product_brand","embeddable":true,"href":"https:\/\/www.tharita.fr\/fr\/wp-json\/wp\/v2\/product_brand?post=5744"},{"taxonomy":"product_cat","embeddable":true,"href":"https:\/\/www.tharita.fr\/fr\/wp-json\/wp\/v2\/product_cat?post=5744"},{"taxonomy":"product_tag","embeddable":true,"href":"https:\/\/www.tharita.fr\/fr\/wp-json\/wp\/v2\/product_tag?post=5744"}],"curies":[{"name":"wp","href":"https:\/\/api.w.org\/{rel}","templated":true}]}}