{"id":5790,"date":"2022-06-17T11:52:24","date_gmt":"2022-06-17T09:52:24","guid":{"rendered":"https:\/\/www.tharita.fr\/product\/sol-or\/"},"modified":"2026-04-18T19:21:10","modified_gmt":"2026-04-18T17:21:10","slug":"sol-or","status":"publish","type":"product","link":"https:\/\/www.tharita.fr\/fr\/produit\/sol-or\/","title":{"rendered":"Bas r\u00e9versible deux pi\u00e8ces bandeau\/taille haute &#8211; Sol"},"content":{"rendered":"","protected":false},"excerpt":{"rendered":"<p>Ce bikini bandeau sans armatures a des bonnets suspendus et en mousse, ce style a des plis sur les c\u00f4t\u00e9s et sa fine bretelle peut \u00eatre nou\u00e9e autour du cou ou peut \u00eatre port\u00e9e uniquement comme un bandeau. Ce bas r\u00e9versible or\/bleu marine \u00e0 taille haute met en valeur la taille et peut \u00eatre personnalis\u00e9.<\/p>\n","protected":false},"featured_media":4744,"template":"","meta":[],"product_brand":[],"product_cat":[257],"product_tag":[],"class_list":{"0":"post-5790","1":"product","2":"type-product","3":"status-publish","4":"has-post-thumbnail","6":"product_cat-collection-capsule-fr","8":"first","9":"instock","10":"shipping-taxable","11":"purchasable","12":"product-type-variable","13":"has-default-attributes"},"_links":{"self":[{"href":"https:\/\/www.tharita.fr\/fr\/wp-json\/wp\/v2\/product\/5790","targetHints":{"allow":["GET"]}}],"collection":[{"href":"https:\/\/www.tharita.fr\/fr\/wp-json\/wp\/v2\/product"}],"about":[{"href":"https:\/\/www.tharita.fr\/fr\/wp-json\/wp\/v2\/types\/product"}],"version-history":[{"count":4,"href":"https:\/\/www.tharita.fr\/fr\/wp-json\/wp\/v2\/product\/5790\/revisions"}],"predecessor-version":[{"id":6165,"href":"https:\/\/www.tharita.fr\/fr\/wp-json\/wp\/v2\/product\/5790\/revisions\/6165"}],"wp:featuredmedia":[{"embeddable":true,"href":"https:\/\/www.tharita.fr\/fr\/wp-json\/wp\/v2\/media\/4744"}],"wp:attachment":[{"href":"https:\/\/www.tharita.fr\/fr\/wp-json\/wp\/v2\/media?parent=5790"}],"wp:term":[{"taxonomy":"product_brand","embeddable":true,"href":"https:\/\/www.tharita.fr\/fr\/wp-json\/wp\/v2\/product_brand?post=5790"},{"taxonomy":"product_cat","embeddable":true,"href":"https:\/\/www.tharita.fr\/fr\/wp-json\/wp\/v2\/product_cat?post=5790"},{"taxonomy":"product_tag","embeddable":true,"href":"https:\/\/www.tharita.fr\/fr\/wp-json\/wp\/v2\/product_tag?post=5790"}],"curies":[{"name":"wp","href":"https:\/\/api.w.org\/{rel}","templated":true}]}}