{"id":5793,"date":"2022-06-17T15:17:15","date_gmt":"2022-06-17T13:17:15","guid":{"rendered":"https:\/\/www.tharita.fr\/product\/banda-bleu-marine-or\/"},"modified":"2026-05-14T22:42:11","modified_gmt":"2026-05-14T20:42:11","slug":"banda-navy-blue-or","status":"publish","type":"product","link":"https:\/\/www.tharita.fr\/fr\/produit\/banda-navy-blue-or\/","title":{"rendered":"Banda deux pi\u00e8ces bandeau\/bas taille haute"},"content":{"rendered":"","protected":false},"excerpt":{"rendered":"<p>Ce maillot de bain 2 pi\u00e8ces innovant comporte un haut avec un large bandeau qui fait le tour du cou. Il peut \u00eatre personnalis\u00e9 de nombreuses fa\u00e7ons. Le top bandeau convient aux petites poitrines et peut s&rsquo;enrouler sur lui-m\u00eame et donner un look \u00e9l\u00e9gant, pour une grosse poitrine, il couvre compl\u00e8tement et fournit le soutien parfait de la poitrine n\u00e9cessaire. Le fond est livr\u00e9 avec les cordons d&rsquo;attache des deux c\u00f4t\u00e9s.<\/p>\n","protected":false},"featured_media":4764,"template":"","meta":[],"product_brand":[],"product_cat":[224,257],"product_tag":[],"class_list":{"0":"post-5793","1":"product","2":"type-product","3":"status-publish","4":"has-post-thumbnail","6":"product_cat-collection-les-annees-folles-fr","7":"product_cat-collection-capsule-fr","9":"first","10":"instock","11":"shipping-taxable","12":"purchasable","13":"product-type-variable","14":"has-default-attributes"},"_links":{"self":[{"href":"https:\/\/www.tharita.fr\/fr\/wp-json\/wp\/v2\/product\/5793","targetHints":{"allow":["GET"]}}],"collection":[{"href":"https:\/\/www.tharita.fr\/fr\/wp-json\/wp\/v2\/product"}],"about":[{"href":"https:\/\/www.tharita.fr\/fr\/wp-json\/wp\/v2\/types\/product"}],"version-history":[{"count":3,"href":"https:\/\/www.tharita.fr\/fr\/wp-json\/wp\/v2\/product\/5793\/revisions"}],"predecessor-version":[{"id":6079,"href":"https:\/\/www.tharita.fr\/fr\/wp-json\/wp\/v2\/product\/5793\/revisions\/6079"}],"wp:featuredmedia":[{"embeddable":true,"href":"https:\/\/www.tharita.fr\/fr\/wp-json\/wp\/v2\/media\/4764"}],"wp:attachment":[{"href":"https:\/\/www.tharita.fr\/fr\/wp-json\/wp\/v2\/media?parent=5793"}],"wp:term":[{"taxonomy":"product_brand","embeddable":true,"href":"https:\/\/www.tharita.fr\/fr\/wp-json\/wp\/v2\/product_brand?post=5793"},{"taxonomy":"product_cat","embeddable":true,"href":"https:\/\/www.tharita.fr\/fr\/wp-json\/wp\/v2\/product_cat?post=5793"},{"taxonomy":"product_tag","embeddable":true,"href":"https:\/\/www.tharita.fr\/fr\/wp-json\/wp\/v2\/product_tag?post=5793"}],"curies":[{"name":"wp","href":"https:\/\/api.w.org\/{rel}","templated":true}]}}