{"id":5815,"date":"2022-06-17T12:31:05","date_gmt":"2022-06-17T10:31:05","guid":{"rendered":"https:\/\/www.tharita.fr\/product\/vida-green\/"},"modified":"2026-05-15T16:43:31","modified_gmt":"2026-05-15T14:43:31","slug":"vida-green","status":"publish","type":"product","link":"https:\/\/www.tharita.fr\/fr\/produit\/vida-green\/","title":{"rendered":"Bikini triangle deux pi\u00e8ces \u00e0 bonnets pleins &#8211; Vida"},"content":{"rendered":"","protected":false},"excerpt":{"rendered":"<p>Ce haut deux pi\u00e8ces en \u00ab\u00a0V\u00a0\u00bb est dot\u00e9 de longues bretelles nou\u00e9es au col et \u00e9galement dans le dos. Ce haut est assorti d&rsquo;un slip avec une couture sur les fesses qui fronce le tissu. Ce mod\u00e8le intemporel convient \u00e0 toutes les morphologies.<\/p>\n","protected":false},"featured_media":4758,"template":"","meta":[],"product_brand":[],"product_cat":[257,164],"product_tag":[],"class_list":{"0":"post-5815","1":"product","2":"type-product","3":"status-publish","4":"has-post-thumbnail","6":"product_cat-collection-capsule-fr","7":"product_cat-tropicalia-fr","9":"first","10":"instock","11":"shipping-taxable","12":"purchasable","13":"product-type-variable","14":"has-default-attributes"},"_links":{"self":[{"href":"https:\/\/www.tharita.fr\/fr\/wp-json\/wp\/v2\/product\/5815","targetHints":{"allow":["GET"]}}],"collection":[{"href":"https:\/\/www.tharita.fr\/fr\/wp-json\/wp\/v2\/product"}],"about":[{"href":"https:\/\/www.tharita.fr\/fr\/wp-json\/wp\/v2\/types\/product"}],"version-history":[{"count":5,"href":"https:\/\/www.tharita.fr\/fr\/wp-json\/wp\/v2\/product\/5815\/revisions"}],"predecessor-version":[{"id":6185,"href":"https:\/\/www.tharita.fr\/fr\/wp-json\/wp\/v2\/product\/5815\/revisions\/6185"}],"wp:featuredmedia":[{"embeddable":true,"href":"https:\/\/www.tharita.fr\/fr\/wp-json\/wp\/v2\/media\/4758"}],"wp:attachment":[{"href":"https:\/\/www.tharita.fr\/fr\/wp-json\/wp\/v2\/media?parent=5815"}],"wp:term":[{"taxonomy":"product_brand","embeddable":true,"href":"https:\/\/www.tharita.fr\/fr\/wp-json\/wp\/v2\/product_brand?post=5815"},{"taxonomy":"product_cat","embeddable":true,"href":"https:\/\/www.tharita.fr\/fr\/wp-json\/wp\/v2\/product_cat?post=5815"},{"taxonomy":"product_tag","embeddable":true,"href":"https:\/\/www.tharita.fr\/fr\/wp-json\/wp\/v2\/product_tag?post=5815"}],"curies":[{"name":"wp","href":"https:\/\/api.w.org\/{rel}","templated":true}]}}