{"id":5816,"date":"2022-06-03T11:55:53","date_gmt":"2022-06-03T09:55:53","guid":{"rendered":"https:\/\/www.tharita.fr\/product\/alma-bleu-marine\/"},"modified":"2024-06-13T11:43:24","modified_gmt":"2024-06-13T09:43:24","slug":"alma-navy-blue","status":"publish","type":"product","link":"https:\/\/www.tharita.fr\/fr\/produit\/alma-navy-blue\/","title":{"rendered":"Triangle une pi\u00e8ce &#8211; Alma"},"content":{"rendered":"","protected":false},"excerpt":{"rendered":"<p>Maillot de bain une pi\u00e8ce \u00e0 la ligne pure, fines bretelles enroul\u00e9es dans le dos. Il met en \u00e9vidence toutes les morphologies<\/p>\n","protected":false},"featured_media":4692,"template":"","meta":[],"product_brand":[],"product_cat":[257],"product_tag":[],"class_list":{"0":"post-5816","1":"product","2":"type-product","3":"status-publish","4":"has-post-thumbnail","6":"product_cat-collection-capsule-fr","8":"first","9":"instock","10":"shipping-taxable","11":"purchasable","12":"product-type-variable","13":"has-default-attributes"},"_links":{"self":[{"href":"https:\/\/www.tharita.fr\/fr\/wp-json\/wp\/v2\/product\/5816","targetHints":{"allow":["GET"]}}],"collection":[{"href":"https:\/\/www.tharita.fr\/fr\/wp-json\/wp\/v2\/product"}],"about":[{"href":"https:\/\/www.tharita.fr\/fr\/wp-json\/wp\/v2\/types\/product"}],"version-history":[{"count":4,"href":"https:\/\/www.tharita.fr\/fr\/wp-json\/wp\/v2\/product\/5816\/revisions"}],"predecessor-version":[{"id":6210,"href":"https:\/\/www.tharita.fr\/fr\/wp-json\/wp\/v2\/product\/5816\/revisions\/6210"}],"wp:featuredmedia":[{"embeddable":true,"href":"https:\/\/www.tharita.fr\/fr\/wp-json\/wp\/v2\/media\/4692"}],"wp:attachment":[{"href":"https:\/\/www.tharita.fr\/fr\/wp-json\/wp\/v2\/media?parent=5816"}],"wp:term":[{"taxonomy":"product_brand","embeddable":true,"href":"https:\/\/www.tharita.fr\/fr\/wp-json\/wp\/v2\/product_brand?post=5816"},{"taxonomy":"product_cat","embeddable":true,"href":"https:\/\/www.tharita.fr\/fr\/wp-json\/wp\/v2\/product_cat?post=5816"},{"taxonomy":"product_tag","embeddable":true,"href":"https:\/\/www.tharita.fr\/fr\/wp-json\/wp\/v2\/product_tag?post=5816"}],"curies":[{"name":"wp","href":"https:\/\/api.w.org\/{rel}","templated":true}]}}