{"id":5857,"date":"2022-06-17T11:51:05","date_gmt":"2022-06-17T09:51:05","guid":{"rendered":"https:\/\/www.tharita.fr\/product\/mar-vert\/"},"modified":"2026-05-15T16:43:33","modified_gmt":"2026-05-15T14:43:33","slug":"mar-vert","status":"publish","type":"product","link":"https:\/\/www.tharita.fr\/fr\/produit\/mar-vert\/","title":{"rendered":"Bas deux pi\u00e8ces bandeau V\/taille haute &#8211; Mar"},"content":{"rendered":"","protected":false},"excerpt":{"rendered":"<p>Un deux-pi\u00e8ces tr\u00e8s \u00e9l\u00e9gant avec un haut bandeau et un V sur le devant. est attach\u00e9 dans le dos. Culotte taille haute<\/p>\n","protected":false},"featured_media":4716,"template":"","meta":[],"product_brand":[],"product_cat":[257,164],"product_tag":[129],"class_list":{"0":"post-5857","1":"product","2":"type-product","3":"status-publish","4":"has-post-thumbnail","6":"product_cat-collection-capsule-fr","7":"product_cat-tropicalia-fr","8":"product_tag-deux-pieces","10":"first","11":"instock","12":"shipping-taxable","13":"purchasable","14":"product-type-variable","15":"has-default-attributes"},"_links":{"self":[{"href":"https:\/\/www.tharita.fr\/fr\/wp-json\/wp\/v2\/product\/5857","targetHints":{"allow":["GET"]}}],"collection":[{"href":"https:\/\/www.tharita.fr\/fr\/wp-json\/wp\/v2\/product"}],"about":[{"href":"https:\/\/www.tharita.fr\/fr\/wp-json\/wp\/v2\/types\/product"}],"version-history":[{"count":4,"href":"https:\/\/www.tharita.fr\/fr\/wp-json\/wp\/v2\/product\/5857\/revisions"}],"predecessor-version":[{"id":6168,"href":"https:\/\/www.tharita.fr\/fr\/wp-json\/wp\/v2\/product\/5857\/revisions\/6168"}],"wp:featuredmedia":[{"embeddable":true,"href":"https:\/\/www.tharita.fr\/fr\/wp-json\/wp\/v2\/media\/4716"}],"wp:attachment":[{"href":"https:\/\/www.tharita.fr\/fr\/wp-json\/wp\/v2\/media?parent=5857"}],"wp:term":[{"taxonomy":"product_brand","embeddable":true,"href":"https:\/\/www.tharita.fr\/fr\/wp-json\/wp\/v2\/product_brand?post=5857"},{"taxonomy":"product_cat","embeddable":true,"href":"https:\/\/www.tharita.fr\/fr\/wp-json\/wp\/v2\/product_cat?post=5857"},{"taxonomy":"product_tag","embeddable":true,"href":"https:\/\/www.tharita.fr\/fr\/wp-json\/wp\/v2\/product_tag?post=5857"}],"curies":[{"name":"wp","href":"https:\/\/api.w.org\/{rel}","templated":true}]}}