{"id":7594,"date":"2026-03-17T21:19:32","date_gmt":"2026-03-17T20:19:32","guid":{"rendered":"https:\/\/www.tharita.fr\/product\/oceane\/"},"modified":"2026-04-16T15:29:21","modified_gmt":"2026-04-16T13:29:21","slug":"oceane","status":"publish","type":"product","link":"https:\/\/www.tharita.fr\/fr\/produit\/oceane\/","title":{"rendered":"Oceane"},"content":{"rendered":"","protected":false},"excerpt":{"rendered":"<p>Le mod\u00e8le <b data-path-to-node=\"2\" data-index-in-node=\"4\">Oceane<\/b> est un chef-d&rsquo;\u0153uvre de silhouette et d&rsquo;\u00e9clat. D\u00e9fini par un d\u00e9collet\u00e9 en V plongeant et une bande m\u00e9tallique caract\u00e9ristique qui ancre la taille, ce mod\u00e8le est con\u00e7u pour sculpter et allonger la silhouette. Ses larges bretelles \u00e0 la coupe nette offrent un soutien sans effort, tandis que le tissu ultra-brillant capte la lumi\u00e8re \u00e0 chaque mouvement. \u00c9quilibre sophistiqu\u00e9 de structure et d&rsquo;allure, l&rsquo;<b data-path-to-node=\"2\" data-index-in-node=\"371\">Oceane<\/b> passe sans probl\u00e8me d&rsquo;une baignade matinale \u00e0 une couche de soleil couchant. Disponible dans une gamme de tons profonds et radieux.<\/p>\n<p>Mat\u00e9riau :<\/p>\n<p>10% Elastane<\/p>\n<p>90% Polyamide<\/p>\n<p>Fabriqu\u00e9 en France<\/p>\n","protected":false},"featured_media":7582,"template":"","meta":[],"product_brand":[],"product_cat":[277],"product_tag":[234,280],"class_list":{"0":"post-7594","1":"product","2":"type-product","3":"status-publish","4":"has-post-thumbnail","6":"product_cat-terra-mar-fr","7":"product_tag-one-piece-fr","8":"product_tag-terra-mar-fr","10":"first","11":"instock","12":"shipping-taxable","13":"purchasable","14":"product-type-variable"},"_links":{"self":[{"href":"https:\/\/www.tharita.fr\/fr\/wp-json\/wp\/v2\/product\/7594","targetHints":{"allow":["GET"]}}],"collection":[{"href":"https:\/\/www.tharita.fr\/fr\/wp-json\/wp\/v2\/product"}],"about":[{"href":"https:\/\/www.tharita.fr\/fr\/wp-json\/wp\/v2\/types\/product"}],"version-history":[{"count":3,"href":"https:\/\/www.tharita.fr\/fr\/wp-json\/wp\/v2\/product\/7594\/revisions"}],"predecessor-version":[{"id":7827,"href":"https:\/\/www.tharita.fr\/fr\/wp-json\/wp\/v2\/product\/7594\/revisions\/7827"}],"wp:featuredmedia":[{"embeddable":true,"href":"https:\/\/www.tharita.fr\/fr\/wp-json\/wp\/v2\/media\/7582"}],"wp:attachment":[{"href":"https:\/\/www.tharita.fr\/fr\/wp-json\/wp\/v2\/media?parent=7594"}],"wp:term":[{"taxonomy":"product_brand","embeddable":true,"href":"https:\/\/www.tharita.fr\/fr\/wp-json\/wp\/v2\/product_brand?post=7594"},{"taxonomy":"product_cat","embeddable":true,"href":"https:\/\/www.tharita.fr\/fr\/wp-json\/wp\/v2\/product_cat?post=7594"},{"taxonomy":"product_tag","embeddable":true,"href":"https:\/\/www.tharita.fr\/fr\/wp-json\/wp\/v2\/product_tag?post=7594"}],"curies":[{"name":"wp","href":"https:\/\/api.w.org\/{rel}","templated":true}]}}